{"id":231,"date":"2025-05-16T23:30:16","date_gmt":"2025-05-16T20:30:16","guid":{"rendered":"https:\/\/toquedemaeamz.cantinhodigital.com.br\/?page_id=231"},"modified":"2025-06-04T04:52:13","modified_gmt":"2025-06-04T01:52:13","slug":"toque-de-mae-cuidado-beleza-e-bem-estar","status":"publish","type":"page","link":"https:\/\/toquedemaeamz.cantinhodigital.com.br\/pages\/","title":{"rendered":"Toque de M\u00e3e: Cuidado, Beleza e Bem-Estar Que Transformam"},"content":{"rendered":"\n<figure class=\"wp-block-image size-large\"><img loading=\"lazy\" decoding=\"async\" width=\"1024\" height=\"683\" src=\"https:\/\/toquedemaeamz.cantinhodigital.com.br\/wp-content\/uploads\/2025\/05\/Toque-de-Mae-Inicio-1-1024x683.webp\" alt=\"\" class=\"wp-image-115\" srcset=\"https:\/\/toquedemaeamz.cantinhodigital.com.br\/wp-content\/uploads\/2025\/05\/Toque-de-Mae-Inicio-1-1024x683.webp 1024w, https:\/\/toquedemaeamz.cantinhodigital.com.br\/wp-content\/uploads\/2025\/05\/Toque-de-Mae-Inicio-1-300x200.webp 300w, https:\/\/toquedemaeamz.cantinhodigital.com.br\/wp-content\/uploads\/2025\/05\/Toque-de-Mae-Inicio-1-768x512.webp 768w, https:\/\/toquedemaeamz.cantinhodigital.com.br\/wp-content\/uploads\/2025\/05\/Toque-de-Mae-Inicio-1.webp 1536w\" sizes=\"auto, (max-width: 1024px) 100vw, 1024px\" \/><\/figure>\n\n\n\n<p class=\"has-text-align-left\">Aqui, voc\u00ea vai encontrar um cantinho feito com carinho, aten\u00e7\u00e3o e cuidado \u2014 como s\u00f3 o toque de m\u00e3e pode oferecer. Nosso espa\u00e7o \u00e9 dedicado a compartilhar conte\u00fados sobre <strong>cuidados pessoais<\/strong>, sempre de forma pr\u00e1tica, acess\u00edvel e acolhedora.<\/p>\n\n\n\n<p>Sabemos que a correria do dia a dia pode nos afastar do autocuidado, mas acreditamos que <strong>pequenos gestos di\u00e1rios fazem toda a diferen\u00e7a<\/strong>. Por isso, nosso objetivo \u00e9 inspirar voc\u00ea a criar momentos de cuidado consigo mesma. Como parte do Programa de Associados da Amazon Brasil, voc\u00ea  encontrar\u00e1 <strong>links de produtos confi\u00e1veis<\/strong> diretamente da loja Amazon. Sempre que poss\u00edvel, selecionamos itens com bom custo-benef\u00edcio, avalia\u00e7\u00f5es positivas e entrega facilitada.<\/p>\n\n\n<div class=\"hostinger-affiliate-block-list-cards\">\n            <div class=\"hostinger-affiliate-block-list-cards__item\">\n                        <div class=\"hostinger-affiliate-block-list-cards__product_data\">\n                                    <div class=\"hostinger-affiliate-block-list-cards__image\">\n                        <a href=\"https:\/\/www.amazon.com.br\/dp\/B07DHR44KX?tag=toquedemae-20\" target=\"_blank\" rel=\"nofollow noopener noreferrer\">\n                            <div>\n                                <img decoding=\"async\" src=\"https:\/\/m.media-amazon.com\/images\/I\/41M83Aob9TL._AC_.jpg\" alt=\"Cotonetes Hastes Flex\u00edveis,300un\">\n                            <\/div>\n                        <\/a>\n                    <\/div>\n                                    <div class=\"hostinger-affiliate-block-list-cards__product-title\">\n                    <a href=\"https:\/\/www.amazon.com.br\/dp\/B07DHR44KX?tag=toquedemae-20\" target=\"_blank\" rel=\"nofollow noopener noreferrer\">\n                        <h3>\n                            Cotonetes Hastes Flex\u00edveis,300un                        <\/h3>\n                    <\/a>\n                <\/div>\n\n                                    <div class=\"hostinger-affiliate-block-list-cards__product-pricing\">\n                                                    <div class=\"hostinger-affiliate-block-list-cards__product-price\">\n                                R$22,99                            <\/div>\n                                                <\/div>\n                                    <div class=\"hostinger-affiliate-block-list-cards__product-button-wrap\">\n                    <a href=\"https:\/\/www.amazon.com.br\/dp\/B07DHR44KX?tag=toquedemae-20\" class=\"hostinger-affiliate-block-list-cards__product-amazon-button\" target=\"_blank\" rel=\"nofollow noopener noreferrer\">\n    Comprar na Amazon<\/a>\n                <\/div>\n            <\/div>\n        <\/div>\n                <div class=\"hostinger-affiliate-block-list-cards__item\">\n                        <div class=\"hostinger-affiliate-block-list-cards__product_data\">\n                                    <div class=\"hostinger-affiliate-block-list-cards__image\">\n                        <a href=\"https:\/\/www.amazon.com.br\/dp\/B07MBXDB51?tag=toquedemae-20\" target=\"_blank\" rel=\"nofollow noopener noreferrer\">\n                            <div>\n                                <img decoding=\"async\" src=\"https:\/\/m.media-amazon.com\/images\/I\/41RDtdL4RuL._AC_.jpg\" alt=\"Downy Amaciante Concentrado Brisa de Ver\u00e3o 3L, Rende 12L, Perfume com Notas de Flores e Ar fresco\">\n                            <\/div>\n                        <\/a>\n                    <\/div>\n                                    <div class=\"hostinger-affiliate-block-list-cards__product-title\">\n                    <a href=\"https:\/\/www.amazon.com.br\/dp\/B07MBXDB51?tag=toquedemae-20\" target=\"_blank\" rel=\"nofollow noopener noreferrer\">\n                        <h3>\n                            Downy Amaciante Concentrado Brisa de Ver\u00e3o 3L, Rende 12L, Perfume com Notas de Flores e Ar fresco                        <\/h3>\n                    <\/a>\n                <\/div>\n\n                                    <div class=\"hostinger-affiliate-block-list-cards__product-pricing\">\n                                                    <div class=\"hostinger-affiliate-block-list-cards__product-price\">\n                                R$60,98                            <\/div>\n                                                <\/div>\n                                    <div class=\"hostinger-affiliate-block-list-cards__product-button-wrap\">\n                    <a href=\"https:\/\/www.amazon.com.br\/dp\/B07MBXDB51?tag=toquedemae-20\" class=\"hostinger-affiliate-block-list-cards__product-amazon-button\" target=\"_blank\" rel=\"nofollow noopener noreferrer\">\n    Comprar na Amazon<\/a>\n                <\/div>\n            <\/div>\n        <\/div>\n                <div class=\"hostinger-affiliate-block-list-cards__item\">\n                        <div class=\"hostinger-affiliate-block-list-cards__product_data\">\n                                    <div class=\"hostinger-affiliate-block-list-cards__image\">\n                        <a href=\"https:\/\/www.amazon.com.br\/dp\/B0DH2B5RD9?tag=toquedemae-20\" target=\"_blank\" rel=\"nofollow noopener noreferrer\">\n                            <div>\n                                <img decoding=\"async\" src=\"https:\/\/m.media-amazon.com\/images\/I\/41vyryPK99L._AC_.jpg\" alt=\"Romantic Crown Mochila de Viagem Expansivel Avi\u00e3o Grande Feminina,Mochila Executiva Masculina Imperm...\">\n                            <\/div>\n                        <\/a>\n                    <\/div>\n                                    <div class=\"hostinger-affiliate-block-list-cards__product-title\">\n                    <a href=\"https:\/\/www.amazon.com.br\/dp\/B0DH2B5RD9?tag=toquedemae-20\" target=\"_blank\" rel=\"nofollow noopener noreferrer\">\n                        <h3>\n                            Romantic Crown Mochila de Viagem Expansivel Avi\u00e3o Grande Feminina,Mochila Executiva Masculina Imperm&#8230;                        <\/h3>\n                    <\/a>\n                <\/div>\n\n                                    <div class=\"hostinger-affiliate-block-list-cards__product-pricing\">\n                                                    <div class=\"hostinger-affiliate-block-list-cards__product-price\">\n                                R$123,49                            <\/div>\n                                                <\/div>\n                                    <div class=\"hostinger-affiliate-block-list-cards__product-button-wrap\">\n                    <a href=\"https:\/\/www.amazon.com.br\/dp\/B0DH2B5RD9?tag=toquedemae-20\" class=\"hostinger-affiliate-block-list-cards__product-amazon-button\" target=\"_blank\" rel=\"nofollow noopener noreferrer\">\n    Comprar na Amazon<\/a>\n                <\/div>\n            <\/div>\n        <\/div>\n        <\/div>\n\n\n\n<h3 class=\"wp-block-heading\">O que voc\u00ea vai encontrar por aqui:<\/h3>\n\n\n\n<ul class=\"wp-block-list\">\n<li><a href=\"https:\/\/amzn.to\/3H3HQM3\" target=\"_blank\" rel=\"noopener\" title=\"\">Melhores produtos em <strong>Beleza <\/strong>na Amazon<\/a><\/li>\n\n\n\n<li><a href=\"https:\/\/amzn.to\/4mozSNw\" target=\"_blank\" rel=\"noopener\" title=\"\">Melhores produtos em <strong>Cuidados Pessoais e da Casa<\/strong> na Amazon<\/a><\/li>\n\n\n\n<li><a href=\"https:\/\/amzn.to\/43iPYja\" title=\"\">Produtos em destaque para <strong>Cuidados com o Cabelo<\/strong> na Amazon<\/a><\/li>\n\n\n\n<li><a href=\"https:\/\/amzn.to\/4kqBBQI\" target=\"_blank\" rel=\"noopener\" title=\"\">Veja Tudo em Cuidados Pessoais e de Casa na Amazon<\/a><\/li>\n<\/ul>\n\n\n\n<p><strong>Aqui, o cuidado \u00e9 prioridade \u2014 com voc\u00ea, com seu tempo e com sua beleza natural.<\/strong><\/p>\n\n\n\n<p>Sinta-se \u00e0 vontade para explorar nossos conte\u00fados, acompanhar as novidades e transformar o autocuidado em um momento s\u00f3 seu.<\/p>\n\n\n\n<div class=\"wp-block-columns is-layout-flex wp-container-core-columns-is-layout-28f84493 wp-block-columns-is-layout-flex\">\n<div class=\"wp-block-column is-layout-flow wp-block-column-is-layout-flow\" style=\"flex-basis:66.66%\">\n<p class=\"has-text-align-center\"><\/p>\n\n\n\n<p><\/p>\n<\/div>\n<\/div>\n\n\n\n<p><\/p>\n","protected":false},"excerpt":{"rendered":"<p>Aqui, voc\u00ea vai encontrar um cantinho feito com carinho, aten\u00e7\u00e3o e cuidado \u2014 como s\u00f3 o toque de m\u00e3e pode oferecer. Nosso espa\u00e7o \u00e9 dedicado a compartilhar conte\u00fados sobre cuidados pessoais, sempre de forma pr\u00e1tica, acess\u00edvel e acolhedora. Sabemos que a correria do dia a dia pode nos afastar do autocuidado, mas acreditamos que pequenos [&hellip;]<\/p>\n","protected":false},"author":1,"featured_media":115,"parent":0,"menu_order":0,"comment_status":"closed","ping_status":"closed","template":"","meta":{"footnotes":""},"class_list":["post-231","page","type-page","status-publish","has-post-thumbnail","hentry"],"aioseo_notices":[],"_links":{"self":[{"href":"https:\/\/toquedemaeamz.cantinhodigital.com.br\/pages\/wp-json\/wp\/v2\/pages\/231","targetHints":{"allow":["GET"]}}],"collection":[{"href":"https:\/\/toquedemaeamz.cantinhodigital.com.br\/pages\/wp-json\/wp\/v2\/pages"}],"about":[{"href":"https:\/\/toquedemaeamz.cantinhodigital.com.br\/pages\/wp-json\/wp\/v2\/types\/page"}],"author":[{"embeddable":true,"href":"https:\/\/toquedemaeamz.cantinhodigital.com.br\/pages\/wp-json\/wp\/v2\/users\/1"}],"replies":[{"embeddable":true,"href":"https:\/\/toquedemaeamz.cantinhodigital.com.br\/pages\/wp-json\/wp\/v2\/comments?post=231"}],"version-history":[{"count":26,"href":"https:\/\/toquedemaeamz.cantinhodigital.com.br\/pages\/wp-json\/wp\/v2\/pages\/231\/revisions"}],"predecessor-version":[{"id":392,"href":"https:\/\/toquedemaeamz.cantinhodigital.com.br\/pages\/wp-json\/wp\/v2\/pages\/231\/revisions\/392"}],"wp:featuredmedia":[{"embeddable":true,"href":"https:\/\/toquedemaeamz.cantinhodigital.com.br\/pages\/wp-json\/wp\/v2\/media\/115"}],"wp:attachment":[{"href":"https:\/\/toquedemaeamz.cantinhodigital.com.br\/pages\/wp-json\/wp\/v2\/media?parent=231"}],"curies":[{"name":"wp","href":"https:\/\/api.w.org\/{rel}","templated":true}]}}